{"id":14,"date":"2023-10-16T22:25:34","date_gmt":"2023-10-16T20:25:34","guid":{"rendered":"https:\/\/antoine-hypnose.com\/?page_id=14"},"modified":"2023-10-20T22:00:41","modified_gmt":"2023-10-20T20:00:41","slug":"presentation","status":"publish","type":"page","link":"https:\/\/antoine-hypnose.com\/","title":{"rendered":"Pr\u00e9sentation"},"content":{"rendered":"\n<p>Antoine est hypnotiseur depuis 2009.<\/p>\n\n\n\n<p>Apr\u00e8s un cursus de formation de plusieurs ann\u00e9es en hypnose th\u00e9rapeutique, il est dipl\u00f4m\u00e9 de l&#8217;<em>Institut Fran\u00e7ais d&#8217;Hypnose Ericksonienne<\/em> (IFHE) qu&#8217;il int\u00e8gre ensuite comme superviseur, puis formateur.<\/p>\n\n\n\n<p>En parall\u00e8le de ce parcours, il se passionne pour l&#8217;hypnose de d\u00e9monstration et constate que les approches ludiques sont id\u00e9ales pour faire d\u00e9couvrir le sujet et le d\u00e9mystifier :&nbsp;<\/p>\n\n\n\n<p class=\"has-text-align-center\"><strong><em>&#8220;L&#8217;hypnose existe-t-elle r\u00e9ellement ?&#8221;<\/em><\/strong><\/p>\n\n\n\n<p class=\"has-text-align-center\"><strong><em>&#8220;Peut-on vraiment croire ce qu&#8217;on voit \u00e0 la TV ?&#8221;<\/em><\/strong><\/p>\n\n\n\n<p class=\"has-text-align-center\"><strong><em>&#8220;Suis-je r\u00e9ceptif\u00b7ve \u00e0 l&#8217;hypnose ?&#8221;<\/em><\/strong><br><br><\/p>\n\n\n\n<p>Passant de table en table, d&#8217;un groupe de convives \u00e0 l&#8217;autre, Antoine permet aux personnes int\u00e9ress\u00e9es de <strong>d\u00e9couvrir l&#8217;hypnose de mani\u00e8re l\u00e9g\u00e8re et p\u00e9tillante<\/strong>, tout en apportant une touche de p\u00e9dagogie.<\/p>\n\n\n\n<!-- Ancre pour caler visuellement l'affichage sur la section \"Prestations\" -->\n<!-- (qui se trouve juste en-dessous). - Adaptation pour le th\u00e8me \"Twenty Seventeen. -->\n<a id=\"prestations\"><\/a>\n","protected":false},"excerpt":{"rendered":"<p>Antoine est hypnotiseur depuis 2009. Apr\u00e8s un cursus de formation de plusieurs ann\u00e9es en hypnose th\u00e9rapeutique, il est dipl\u00f4m\u00e9 de l&#8217;Institut Fran\u00e7ais d&#8217;Hypnose Ericksonienne (IFHE) qu&#8217;il int\u00e8gre ensuite comme superviseur, puis formateur. En parall\u00e8le de ce parcours, il se passionne pour l&#8217;hypnose de d\u00e9monstration et constate que les approches ludiques sont id\u00e9ales pour faire d\u00e9couvrir &hellip; <\/p>\n<p class=\"link-more\"><a href=\"https:\/\/antoine-hypnose.com\/\" class=\"more-link\">Continue reading<span class=\"screen-reader-text\"> &#8220;Pr\u00e9sentation&#8221;<\/span><\/a><\/p>\n","protected":false},"author":1,"featured_media":0,"parent":0,"menu_order":0,"comment_status":"closed","ping_status":"closed","template":"","meta":{"iawp_total_views":1293,"footnotes":""},"class_list":["post-14","page","type-page","status-publish","hentry"],"_links":{"self":[{"href":"https:\/\/antoine-hypnose.com\/index.php\/wp-json\/wp\/v2\/pages\/14","targetHints":{"allow":["GET"]}}],"collection":[{"href":"https:\/\/antoine-hypnose.com\/index.php\/wp-json\/wp\/v2\/pages"}],"about":[{"href":"https:\/\/antoine-hypnose.com\/index.php\/wp-json\/wp\/v2\/types\/page"}],"author":[{"embeddable":true,"href":"https:\/\/antoine-hypnose.com\/index.php\/wp-json\/wp\/v2\/users\/1"}],"replies":[{"embeddable":true,"href":"https:\/\/antoine-hypnose.com\/index.php\/wp-json\/wp\/v2\/comments?post=14"}],"version-history":[{"count":3,"href":"https:\/\/antoine-hypnose.com\/index.php\/wp-json\/wp\/v2\/pages\/14\/revisions"}],"predecessor-version":[{"id":114,"href":"https:\/\/antoine-hypnose.com\/index.php\/wp-json\/wp\/v2\/pages\/14\/revisions\/114"}],"wp:attachment":[{"href":"https:\/\/antoine-hypnose.com\/index.php\/wp-json\/wp\/v2\/media?parent=14"}],"curies":[{"name":"wp","href":"https:\/\/api.w.org\/{rel}","templated":true}]}}